{"id":4663,"date":"2026-04-09T10:23:31","date_gmt":"2026-04-09T08:23:31","guid":{"rendered":"https:\/\/cigarclub.co.za\/?post_type=product&#038;p=4663"},"modified":"2026-04-14T13:51:39","modified_gmt":"2026-04-14T11:51:39","slug":"joya-clasico-orignal-gordito-4-x-56","status":"publish","type":"product","link":"https:\/\/cigarclub.co.za\/index.php\/product\/joya-clasico-orignal-gordito-4-x-56\/","title":{"rendered":"JOYA &#8211; CLASICO ORIGNAL &#8211; GORDITO &#8211; 4 X 56"},"content":{"rendered":"<p>The Cl\u00e1sico Original, known as the first Nicaraguan cigar and famously enjoyed in the White House during the Nixon era, upholds its time-honored reputation with impeccable construction and a refined flavor profile. Now, in its Gordito format, its smooth Ecuadorian Connecticut Shade wrapper accentuates the balance of its Nicaraguan filler blend, delivering its characteristic creamy smoke with woody notes and subtle hints of pepper in a shorter, more concentrated experience.<\/p>\n","protected":false},"excerpt":{"rendered":"<p>At Joya de Nicaragua, we are proud to continue our legacy as Nicaragua\u2019s oldest premium cigar factory by introducing a new vitola to our beloved Cl\u00e1sico Original and Cl\u00e1sico Medio Siglo lines: the Gordito, 4\u00d756. This exciting addition is our way of offering aficionados a richer, more satisfying smoking experience in a short but flavorful format.<\/p>\n","protected":false},"featured_media":4667,"comment_status":"open","ping_status":"closed","template":"","meta":{"_bbp_topic_count":0,"_bbp_reply_count":0,"_bbp_total_topic_count":0,"_bbp_total_reply_count":0,"_bbp_voice_count":0,"_bbp_anonymous_reply_count":0,"_bbp_topic_count_hidden":0,"_bbp_reply_count_hidden":0,"_bbp_forum_subforum_count":0},"product_brand":[],"product_cat":[98,112],"product_tag":[],"class_list":{"0":"post-4663","1":"product","2":"type-product","3":"status-publish","4":"has-post-thumbnail","6":"product_cat-cigars","7":"product_cat-joya-cigars","8":"new","10":"first","11":"instock","12":"taxable","13":"shipping-taxable","14":"purchasable","15":"product-type-simple"},"_links":{"self":[{"href":"https:\/\/cigarclub.co.za\/index.php\/wp-json\/wp\/v2\/product\/4663","targetHints":{"allow":["GET"]}}],"collection":[{"href":"https:\/\/cigarclub.co.za\/index.php\/wp-json\/wp\/v2\/product"}],"about":[{"href":"https:\/\/cigarclub.co.za\/index.php\/wp-json\/wp\/v2\/types\/product"}],"replies":[{"embeddable":true,"href":"https:\/\/cigarclub.co.za\/index.php\/wp-json\/wp\/v2\/comments?post=4663"}],"wp:featuredmedia":[{"embeddable":true,"href":"https:\/\/cigarclub.co.za\/index.php\/wp-json\/wp\/v2\/media\/4667"}],"wp:attachment":[{"href":"https:\/\/cigarclub.co.za\/index.php\/wp-json\/wp\/v2\/media?parent=4663"}],"wp:term":[{"taxonomy":"product_brand","embeddable":true,"href":"https:\/\/cigarclub.co.za\/index.php\/wp-json\/wp\/v2\/product_brand?post=4663"},{"taxonomy":"product_cat","embeddable":true,"href":"https:\/\/cigarclub.co.za\/index.php\/wp-json\/wp\/v2\/product_cat?post=4663"},{"taxonomy":"product_tag","embeddable":true,"href":"https:\/\/cigarclub.co.za\/index.php\/wp-json\/wp\/v2\/product_tag?post=4663"}],"curies":[{"name":"wp","href":"https:\/\/api.w.org\/{rel}","templated":true}]}}